{"id":16613,"date":"2025-10-20T11:21:43","date_gmt":"2025-10-20T09:21:43","guid":{"rendered":"https:\/\/www.breathe-backtolife.com\/?page_id=16613"},"modified":"2025-10-22T20:29:15","modified_gmt":"2025-10-22T18:29:15","slug":"warteliste","status":"publish","type":"page","link":"https:\/\/www.breathe-backtolife.com\/de\/warteliste\/","title":{"rendered":"Warteliste"},"content":{"rendered":"<section class=\"l-section wpb_row height_medium full_height valign_top with_img parallax_ver\"><div class=\"l-section-img\" role=\"img\" aria-label=\"Bild\" data-img-width=\"1441\" data-img-height=\"2560\" style=\"background-image: url(https:\/\/www.breathe-backtolife.com\/wp-content\/uploads\/2025\/10\/20250819_141657-scaled.jpg);background-repeat: no-repeat;\"><\/div><div class=\"l-section-h i-cf\"><div class=\"g-cols vc_row via_flex valign_top type_default stacking_default\"><div class=\"vc_col-sm-12 wpb_column vc_column_container\"><div class=\"vc_column-inner\"><div class=\"wpb_wrapper\"><div class=\"wpb_text_column\"><div class=\"wpb_wrapper\"><div data-uniq='69f3b0350b177' class='uniq-69f3b0350b177 formcraft-css form-live align-middle'><script> window.formcraftLogic = window.formcraftLogic || {}; window.formcraftLogic[36] = []; <\/script><div class=\"fc-pagination-cover fc-pagination-1\">\n\t\t\t\t<div class=\"fc-pagination width-100\">\n\t\t\t\t\t<!-- ngRepeat: page in Builder.FormElements track by $index --><div class=\"pagination-trigger \" data-index=\"0\">\n\t\t\t\t\t\t<span class=\"page-number\"><span >1<\/span><\/span>\n\t\t\t\t\t\t<span class=\"page-name \">Step 1<\/span>\n\t\t\t\t\t\t\n\t\t\t\t\t<\/div><!-- end ngRepeat: page in Builder.FormElements track by $index -->\n\t\t\t\t<\/div>\n\t\t\t<\/div>\n\t\t\t\n\t\t\t<style scoped=\"scoped\" >\n\t\t\t@media (max-width : 480px) {\n\t\t\t\t.fc_modal-dialog-36 .fc-pagination-cover .fc-pagination\n\t\t\t\t{\n\t\t\t\t\tbackground-color: url(https:\/\/www.breathe-backtolife.com\/wp-content\/plugins\/formcraft3\/views\/..\/assets\/images\/backgrounds\/white-linen.png) !important;\n\t\t\t\t}\n\t\t\t}\n\t\t\t\t\t\t.formcraft-css .fc-form.fc-form-36 .form-element .submit-cover .submit-button,\n\t\t\t.formcraft-css .fc-form.fc-form-36 .form-element .fileupload-cover .button-file,\n\t\t\t.formcraft-css .fc-form.fc-form-36 .form-element .field-cover .button,\n\t\t\t.formcraft-datepicker .ui-datepicker-header,\n\t\t\t.formcraft-datepicker .ui-datepicker-title\n\t\t\t{\n\t\t\t\tbackground: #deb887;\n\t\t\t\tcolor: #fff;\n\t\t\t}\n\t\t\t.formcraft-datepicker td .ui-state-active,\n\t\t\t.formcraft-datepicker td .ui-state-hover,\n\t\t\t.formcraft-css .fc-form.fc-form-36 .form-element .slider-cover .ui-slider-range\n\t\t\t{\n\t\t\t\tbackground: #deb887;\n\t\t\t}\n\t\t\t#ui-datepicker-div.formcraft-datepicker .ui-datepicker-header,\n\t\t\t.formcraft-css .fc-form .field-cover>div.full hr\n\t\t\t{\n\t\t\t\tborder-color: #c3a176;\n\t\t\t}\n\t\t\t#ui-datepicker-div.formcraft-datepicker .ui-datepicker-prev:hover,\n\t\t\t#ui-datepicker-div.formcraft-datepicker .ui-datepicker-next:hover,\n\t\t\t#ui-datepicker-div.formcraft-datepicker select.ui-datepicker-month:hover,\n\t\t\t#ui-datepicker-div.formcraft-datepicker select.ui-datepicker-year:hover\n\t\t\t{\n\t\t\t\tbackground-color: #c3a176;\n\t\t\t}\n\t\t\t.formcraft-css .fc-pagination>div.active .page-number,\n\t\t\t.formcraft-css .form-cover-builder .fc-pagination>div:first-child .page-number\n\t\t\t{\n\t\t\t\tbackground-color: #deb887;\n\t\t\t\tcolor: #fff;\n\t\t\t}\n\t\t\t#ui-datepicker-div.formcraft-datepicker table.ui-datepicker-calendar th,\n\t\t\t#ui-datepicker-div.formcraft-datepicker table.ui-datepicker-calendar td.ui-datepicker-today a,\n\t\t\t.formcraft-css .fc-form.fc-form-36 .form-element .star-cover label,\n\t\t\thtml .formcraft-css .fc-form.label-floating .form-element .field-cover.has-focus>span,\n\t\t\t.formcraft-css .fc-form.fc-form-36 .form-element .customText-cover a,\n\t\t\t.formcraft-css .prev-next>div span:hover\n\t\t\t{\n\t\t\t\tcolor: #deb887;\n\t\t\t}\n\t\t\t.formcraft-css .fc-form.fc-form-36 .form-element .customText-cover a:hover\n\t\t\t{\n\t\t\t\tcolor: #c3a176;\n\t\t\t}\n\t\t\thtml .formcraft-css .fc-form.fc-form-36.label-floating .form-element .field-cover > span\n\t\t\t{\n\t\t\t\tcolor: #666666;\n\t\t\t}\n\t\t\thtml .formcraft-css .fc-form .final-success .final-success-check {\n\t\t\t\tborder: 2px solid #666666;\n\t\t\t}\n\t\t\t.formcraft-css .fc-form.fc-form-36 .form-element .field-cover input[type=\"text\"],\n\t\t\t.formcraft-css .fc-form.fc-form-36 .form-element .field-cover input[type=\"email\"],\n\t\t\t.formcraft-css .fc-form.fc-form-36 .form-element .field-cover input[type=\"password\"],\n\t\t\t.formcraft-css .fc-form.fc-form-36 .form-element .field-cover input[type=\"tel\"],\n\t\t\t.formcraft-css .fc-form.fc-form-36 .form-element .field-cover textarea,\n\t\t\t.formcraft-css .fc-form.fc-form-36 .form-element .field-cover select,\n\t\t\t.formcraft-css .fc-form.fc-form-36 .form-element .field-cover .time-fields-cover,\n\t\t\t.formcraft-css .fc-form.fc-form-36 .form-element .field-cover .awesomplete ul\n\t\t\t{\n\t\t\t\tcolor: #777;\n\t\t\t}\n\t\t\t.formcraft-css .fc-form.fc-form-36 .form-element .field-cover input[type=\"text\"],\n\t\t\t.formcraft-css .fc-form.fc-form-36 .form-element .field-cover input[type=\"password\"],\n\t\t\t.formcraft-css .fc-form.fc-form-36 .form-element .field-cover input[type=\"email\"],\n\t\t\t.formcraft-css .fc-form.fc-form-36 .form-element .field-cover input[type=\"radio\"],\n\t\t\t.formcraft-css .fc-form.fc-form-36 .form-element .field-cover input[type=\"checkbox\"],\n\t\t\t.formcraft-css .fc-form.fc-form-36 .form-element .field-cover input[type=\"tel\"],\n\t\t\t.formcraft-css .fc-form.fc-form-36 .form-element .field-cover select,\n\t\t\t.formcraft-css .fc-form.fc-form-36 .form-element .field-cover textarea\n\t\t\t{\n\t\t\t\tbackground-color: #fafafa;\n\t\t\t}\n\t\t\t.formcraft-css .fc-form.fc-form-36 .form-element .field-cover input[type=\"radio\"]:checked,\n\t\t\t.formcraft-css .fc-form.fc-form-36 .form-element .field-cover input[type=\"checkbox\"]:checked {\n\t\t\t\tborder-color: #c3a176;\n\t\t\t\tbackground: #deb887;\t\t\t\t\n\t\t\t}\n\t\t\t.formcraft-css .fc-form.fc-form-36 .form-element .star-cover label .star\n\t\t\t{\n\t\t\t\ttext-shadow: 0px 1px 0px #c3a176;\n\t\t\t}\n\t\t\t.formcraft-css .fc-form.fc-form-36 .form-element .slider-cover .ui-slider-range\n\t\t\t{\n\t\t\t\tbox-shadow: 0px 1px 1px #c3a176 inset;\n\t\t\t}\n\t\t\t.formcraft-css .fc-form.fc-form-36 .form-element .fileupload-cover .button-file\n\t\t\t{\n\t\t\t\tborder-color: #c3a176;\n\t\t\t}\n\t\t\t.formcraft-css .fc-form.fc-form-36 .form-element .form-element-html input[type=\"password\"]:focus,\n\t\t\t.formcraft-css .fc-form.fc-form-36 .form-element .form-element-html input[type=\"email\"]:focus,\n\t\t\t.formcraft-css .fc-form.fc-form-36 .form-element .form-element-html input[type=\"tel\"]:focus,\n\t\t\t.formcraft-css .fc-form.fc-form-36 .form-element .form-element-html input[type=\"text\"]:focus,\n\t\t\t.formcraft-css .fc-form.fc-form-36 .form-element .form-element-html textarea:focus,\n\t\t\t.formcraft-css .fc-form.fc-form-36 .form-element .form-element-html select:focus\n\t\t\t{\n\t\t\t\tborder-color: #deb887;\n\t\t\t}\n\t\t\t.formcraft-css .fc-form.fc-form-36 .form-element .form-element-html .field-cover .is-read-only:focus {\n\t\t\t\tborder-color: #ccc;\n\t\t\t}\n\t\t\t.formcraft-css .fc-form.fc-form-36\t\t\t{\n\t\t\t\tfont-family: inherit;\n\t\t\t}\n\t\t\t@media (max-width : 480px) {\n\t\t\t\thtml .dedicated-page,\n\t\t\t\thtml .dedicated-page .formcraft-css .fc-pagination > div.active\n\t\t\t\t{\n\t\t\t\t\tbackground: url(https:\/\/www.breathe-backtolife.com\/wp-content\/plugins\/formcraft3\/views\/..\/assets\/images\/backgrounds\/white-linen.png);\n\t\t\t\t}\n\t\t\t}\n\t\t<\/style>\n\t\t<div class=\"form-cover\">\n\t\t\t<form data-auto-scroll=\"\" data-no-message-redirect=\"\" data-thousand=\"\" data-decimal=\".\" data-delay=\"\" data-id=\"36\" class=\"fc-form fc-form-36 align- fc-temp-class save-form- dont-submit-hidden- remove-asterisk- icons-hide- disable-enter- label-inline field-border-visible frame-visible field-alignment-left  \" style=\"width: 850px; color: #666666; font-size: 100%; background: url(https:\/\/www.breathe-backtolife.com\/wp-content\/plugins\/formcraft3\/views\/..\/assets\/images\/backgrounds\/white-linen.png)\">\n\t\t\t\t<!-- ngRepeat: page in Builder.FormElements track by $index --><div class=\"form-page form-page-0\" data-index=\"0\">\n\t\t\t\t\t\n\t\t\t\t\t<div class=\"form-page-content      ng-not-empty\">\n\t\t\t\t\t\t<div data-identifier=\"field1\" data-index=\"0\" style=\"width: 100%\" class=\" form-element form-element-field1 options-false form-element-0 default-false form-element-type-heading is-required-false odd -handle\">\n\t\t\t\t\t\t\t<div class=\"form-element-html\"><div ><div style=\"background-color:\" class=\"heading-cover field-cover \"><div style=\"text-align: center; font-size: 2.1000000000000005em; padding-top: 20px; padding-bottom: ; color: #000000\" class=\"bold-true\"><span >Warteliste f\u00fcr neue Termine und Seminare<\/span><\/div><input type=\"hidden\" data-field-id=\"field1\" name=\"field1[]\" value=\"Warteliste f\u00fcr neue Termine und Seminare\"><\/div><\/div><\/div>\n\t\t\t\t\t\t\t\n\t\t\t\t\t\t<\/div><div data-identifier=\"field2\" data-index=\"1\" style=\"width: 100%\" class=\" even form-element form-element-field2 options-false form-element-1 default-false form-element-type-oneLineText is-required-true -handle\">\n\t\t\t\t\t\t\t<div class=\"form-element-html\"><div ><label class=\"oneLineText-cover field-cover \"><span class=\"sub-label-true\"><span class=\"main-label\"><span >Name<\/span><\/span><span class=\"sub-label\"><span >Vollst\u00e4ndiger Name<\/span><\/span><\/span><div><span class=\"error\"><\/span><input type=\"text\" placeholder=\"\" make-read-only=\"false\" data-field-id=\"field2\" name=\"field2[]\" data-min-char=\"\" data-max-char=\"\" data-val-type=\"\" data-regexp=\"\" data-is-required=\"true\" data-allow-spaces=\"\" class=\"validation-lenient\" data-placement=\"right\" data-toggle=\"tooltip\" tooltip=\"\" data-trigger=\"focus\" data-html=\"true\" data-input-mask=\"\" data-mask-placeholder=\"\" data-original-title=\"\"><i class=\"formcraft-icon formcraft-icon-type-\"><\/i><\/div><\/label><\/div><\/div>\n\t\t\t\t\t\t\t\n\t\t\t\t\t\t<\/div><div data-identifier=\"field3\" data-index=\"2\" style=\"width: 100%\" class=\" form-element form-element-field3 options-false form-element-2 default-false form-element-type-email is-required-true odd -handle\">\n\t\t\t\t\t\t\t<div class=\"form-element-html\"><div ><label class=\"email-cover field-cover \"><span class=\"sub-label-true\"><span class=\"main-label\"><span >Email<\/span><\/span><span class=\"sub-label\"><span >G\u00fcltige E-mail Adresse. Gerne genau pr\u00fcfen.<\/span><\/span><\/span><div><span class=\"error\"><\/span><input placeholder=\"\" data-field-id=\"field3\" type=\"text\" data-val-type=\"email\" make-read-only=\"\" data-is-required=\"true\" name=\"field3\" class=\"validation-lenient\" data-placement=\"right\" data-toggle=\"tooltip\" tooltip=\"\" data-trigger=\"focus\" data-html=\"true\" data-original-title=\"\"><i class=\"formcraft-icon\">email<\/i><\/div><\/label><\/div><\/div>\n\t\t\t\t\t\t\t\n\t\t\t\t\t\t<\/div><div data-identifier=\"field4\" data-index=\"3\" style=\"width: 100%\" class=\" even form-element form-element-field4 form-element-3 default-false form-element-type-checkbox is-required-true -handle options-false\">\n\t\t\t\t\t\t\t<div class=\"form-element-html\"><div ><div class=\"images- checkbox-cover field-cover\"><span class=\"sub-label-true\"><span class=\"main-label\"><span >Neue Seminare und Termine<\/span><\/span><span class=\"sub-label\"><span >Wo w\u00e4rst Du gerne mit dabei?<\/span><\/span><\/span><div data-placement=\"right\" data-toggle=\"tooltip\" tooltip=\"\" data-trigger=\"hover\" data-html=\"true\" data-original-title=\"\"><span class=\"error\"><\/span><label style=\"width:\" ><img alt=\"\"><input data-field-id=\"field4\" type=\"checkbox\" data-is-required=\"true\" name=\"field4[]\" value=\"M\u00e4nner Naturkraft Seminar - 2027\" class=\"validation-lenient\"><span><span >M\u00e4nner Naturkraft Seminar - 2027<\/span><\/span><\/label><label style=\"width:\" ><img alt=\"\"><input data-field-id=\"field4\" type=\"checkbox\" data-is-required=\"true\" name=\"field4[]\" value=\"M\u00e4nnerseminar 2.0 - 2027\" class=\"validation-lenient\"><span><span >M\u00e4nnerseminar 2.0 - 2027<\/span><\/span><\/label><label style=\"width:\" ><img alt=\"\"><input data-field-id=\"field4\" type=\"checkbox\" data-is-required=\"true\" name=\"field4[]\" value=\"Wutkraftseminar - Into the Edge - 2027\" class=\"validation-lenient\"><span><span >Wutkraftseminar - Into the Edge - 2027<\/span><\/span><\/label><label style=\"width:\" ><img alt=\"\"><input data-field-id=\"field4\" type=\"checkbox\" data-is-required=\"true\" name=\"field4[]\" value=\"The Art of True Connection - 2ter Termin 2026 oder 2027\" class=\"validation-lenient\"><span><span >The Art of True Connection - 2ter Termin 2026 oder 2027<\/span><\/span><\/label><\/div><\/div><\/div><\/div>\n\t\t\t\t\t\t\t\n\t\t\t\t\t\t<\/div><div data-identifier=\"field5\" data-index=\"4\" style=\"width: 100%\" class=\" form-element form-element-field5 options-false form-element-4 default-false form-element-type-textarea is-required-false odd -handle\">\n\t\t\t\t\t\t\t<div class=\"form-element-html\"><div ><label class=\"textarea-cover field-cover \"><span class=\"sub-label-false\"><span class=\"main-label\"><span >Deine Nachricht<\/span><\/span><span class=\"sub-label\"><\/span><\/span><div><span class=\"error\"><\/span><textarea data-field-id=\"field5\" placeholder=\"\" class=\"validation-lenient\" name=\"field5\" value=\"\" rows=\"5\" data-min-char=\"\" data-max-char=\"\" data-is-required=\"false\" data-placement=\"right\" data-toggle=\"tooltip\" tooltip=\"\" data-trigger=\"focus\" data-html=\"true\" data-original-title=\"\" style=\"min-height: 110.417px\"><\/textarea><div class=\"count-\"><span class=\"current-count\">0<\/span> \/ <span class=\"max-count \"><\/span><\/div><\/div><\/label><\/div><\/div>\n\t\t\t\t\t\t\t\n\t\t\t\t\t\t<\/div><div data-identifier=\"field6\" data-index=\"5\" style=\"width: 100%\" class=\" even form-element form-element-field6 form-element-5 default-false form-element-type-submit is-required-false -handle options-false\">\n\t\t\t\t\t\t\t<div class=\"form-element-html\"><div ><div class=\"align-center wide-false submit-cover field-cover\"><button type=\"submit\" class=\"button submit-button\"><span class=\"text \">Absenden<\/span><span class=\"spin-cover\"><i style=\"color:\" class=\"loading-icon icon-cog animate-spin\"><\/i><\/span><\/button><\/div><div class=\"submit-response \"><\/div><label ><input type=\"text\" class=\"required_field\" name=\"website\" autocomplete=\"maple-syrup-pot\"><\/label><\/div><\/div>\n\t\t\t\t\t\t\t\n\t\t\t\t\t\t<\/div>\n\t\t\t\t\t<\/div>\n\t\t\t\t<\/div><!-- end ngRepeat: page in Builder.FormElements track by $index -->\n\t\t\t<\/form>\n\t\t\t<div class=\"prev-next prev-next-1\" style=\"width: 850px; color: #666666; font-size: 100%; background: url(https:\/\/www.breathe-backtolife.com\/wp-content\/plugins\/formcraft3\/views\/..\/assets\/images\/backgrounds\/white-linen.png)\">\n\t\t\t\t<div>\n\t\t\t\t\t\n\t\t\t\t\t<span class=\"inactive page-prev \"><i class=\"formcraft-icon\">keyboard_arrow_left<\/i>Previous<\/span><\/div>\n\t\t\t\t<div>\n\t\t\t\t\t\n\t\t\t\t\t<span class=\"page-next \">Next<i class=\"formcraft-icon\">keyboard_arrow_right<\/i><\/span><\/div>\n\t\t\t<\/div>\n\t\t<\/div><\/div>\n<\/div><\/div><\/div><\/div><\/div><\/div><\/div><\/section>\n<div class=\"shariff shariff-align-center shariff-widget-align-center\"><ul class=\"shariff-buttons theme-round orientation-horizontal buttonsize-medium\"><li class=\"shariff-button mailto shariff-nocustomcolor\" style=\"background-color:#a8a8a8\"><a href=\"mailto:?body=https%3A%2F%2Fwww.breathe-backtolife.com%2Fde%2Fwarteliste%2F&subject=Warteliste\" title=\"Per E-Mail versenden\" aria-label=\"Per E-Mail versenden\" role=\"button\" rel=\"noopener nofollow\" class=\"shariff-link\" style=\"; background-color:#999; color:#fff\"><span class=\"shariff-icon\" style=\"\"><svg width=\"32px\" height=\"20px\" xmlns=\"http:\/\/www.w3.org\/2000\/svg\" viewBox=\"0 0 32 32\"><path fill=\"#999\" d=\"M32 12.7v14.2q0 1.2-0.8 2t-2 0.9h-26.3q-1.2 0-2-0.9t-0.8-2v-14.2q0.8 0.9 1.8 1.6 6.5 4.4 8.9 6.1 1 0.8 1.6 1.2t1.7 0.9 2 0.4h0.1q0.9 0 2-0.4t1.7-0.9 1.6-1.2q3-2.2 8.9-6.1 1-0.7 1.8-1.6zM32 7.4q0 1.4-0.9 2.7t-2.2 2.2q-6.7 4.7-8.4 5.8-0.2 0.1-0.7 0.5t-1 0.7-0.9 0.6-1.1 0.5-0.9 0.2h-0.1q-0.4 0-0.9-0.2t-1.1-0.5-0.9-0.6-1-0.7-0.7-0.5q-1.6-1.1-4.7-3.2t-3.6-2.6q-1.1-0.7-2.1-2t-1-2.5q0-1.4 0.7-2.3t2.1-0.9h26.3q1.2 0 2 0.8t0.9 2z\"\/><\/svg><\/span><\/a><\/li><li class=\"shariff-button facebook shariff-nocustomcolor\" style=\"background-color:#4273c8\"><a href=\"https:\/\/www.facebook.com\/sharer\/sharer.php?u=https%3A%2F%2Fwww.breathe-backtolife.com%2Fde%2Fwarteliste%2F\" title=\"Bei Facebook teilen\" aria-label=\"Bei Facebook teilen\" role=\"button\" rel=\"nofollow\" class=\"shariff-link\" style=\"; background-color:#3b5998; color:#fff\" target=\"_blank\"><span class=\"shariff-icon\" style=\"\"><svg width=\"32px\" height=\"20px\" xmlns=\"http:\/\/www.w3.org\/2000\/svg\" viewBox=\"0 0 18 32\"><path fill=\"#3b5998\" d=\"M17.1 0.2v4.7h-2.8q-1.5 0-2.1 0.6t-0.5 1.9v3.4h5.2l-0.7 5.3h-4.5v13.6h-5.5v-13.6h-4.5v-5.3h4.5v-3.9q0-3.3 1.9-5.2t5-1.8q2.6 0 4.1 0.2z\"\/><\/svg><\/span><\/a><\/li><li class=\"shariff-button twitter shariff-nocustomcolor\" style=\"background-color:#595959\"><a href=\"https:\/\/twitter.com\/share?url=https%3A%2F%2Fwww.breathe-backtolife.com%2Fde%2Fwarteliste%2F&text=Warteliste\" title=\"Bei X teilen\" aria-label=\"Bei X teilen\" role=\"button\" rel=\"noopener nofollow\" class=\"shariff-link\" style=\"; background-color:#000; color:#fff\" target=\"_blank\"><span class=\"shariff-icon\" style=\"\"><svg width=\"32px\" height=\"20px\" xmlns=\"http:\/\/www.w3.org\/2000\/svg\" viewBox=\"0 0 24 24\"><path fill=\"#000\" d=\"M14.258 10.152L23.176 0h-2.113l-7.747 8.813L7.133 0H0l9.352 13.328L0 23.973h2.113l8.176-9.309 6.531 9.309h7.133zm-2.895 3.293l-.949-1.328L2.875 1.56h3.246l6.086 8.523.945 1.328 7.91 11.078h-3.246zm0 0\"\/><\/svg><\/span><\/a><\/li><\/ul><\/div>","protected":false},"excerpt":{"rendered":"1 Step 1 Warteliste f\u00fcr neue Termine und Seminare NameVollst\u00e4ndiger Name EmailG\u00fcltige E-mail Adresse. Gerne genau pr\u00fcfen.email Neue Seminare und TermineWo w\u00e4rst Du gerne mit dabei?M\u00e4nner Naturkraft Seminar - 2027M\u00e4nnerseminar 2.0 - 2027Wutkraftseminar - Into the Edge - 2027The Art of True Connection - 2ter Termin 2026 oder 2027 Deine Nachricht0 \/ Absenden keyboard_arrow_leftPrevious Nextkeyboard_arrow_right","protected":false},"author":1,"featured_media":0,"parent":0,"menu_order":120,"comment_status":"closed","ping_status":"closed","template":"","meta":{"_monsterinsights_skip_tracking":false,"_monsterinsights_sitenote_active":false,"_monsterinsights_sitenote_note":"","_monsterinsights_sitenote_category":0,"footnotes":""},"class_list":["post-16613","page","type-page","status-publish","hentry"],"yoast_head":"<!-- This site is optimized with the Yoast SEO plugin v27.5 - https:\/\/yoast.com\/product\/yoast-seo-wordpress\/ -->\n<title>Warteliste - breathe - back to life<\/title>\n<meta name=\"robots\" content=\"index, follow, max-snippet:-1, max-image-preview:large, max-video-preview:-1\" \/>\n<link rel=\"canonical\" href=\"https:\/\/www.breathe-backtolife.com\/de\/warteliste\/\" \/>\n<meta property=\"og:locale\" content=\"de_DE\" \/>\n<meta property=\"og:type\" content=\"article\" \/>\n<meta property=\"og:title\" content=\"Warteliste - breathe - back to life\" \/>\n<meta property=\"og:url\" content=\"https:\/\/www.breathe-backtolife.com\/de\/warteliste\/\" \/>\n<meta property=\"og:site_name\" content=\"breathe - back to life\" \/>\n<meta property=\"article:publisher\" content=\"https:\/\/www.facebook.com\/breathebacktolife\/\" \/>\n<meta property=\"article:modified_time\" content=\"2025-10-22T18:29:15+00:00\" \/>\n<meta name=\"twitter:card\" content=\"summary_large_image\" \/>\n<meta name=\"twitter:label1\" content=\"Gesch\u00e4tzte Lesezeit\" \/>\n\t<meta name=\"twitter:data1\" content=\"1\u00a0Minute\" \/>\n<script type=\"application\/ld+json\" class=\"yoast-schema-graph\">{\"@context\":\"https:\\\/\\\/schema.org\",\"@graph\":[{\"@type\":\"WebPage\",\"@id\":\"https:\\\/\\\/www.breathe-backtolife.com\\\/de\\\/warteliste\\\/\",\"url\":\"https:\\\/\\\/www.breathe-backtolife.com\\\/de\\\/warteliste\\\/\",\"name\":\"Warteliste - breathe - back to life\",\"isPartOf\":{\"@id\":\"https:\\\/\\\/www.breathe-backtolife.com\\\/de\\\/#website\"},\"datePublished\":\"2025-10-20T09:21:43+00:00\",\"dateModified\":\"2025-10-22T18:29:15+00:00\",\"breadcrumb\":{\"@id\":\"https:\\\/\\\/www.breathe-backtolife.com\\\/de\\\/warteliste\\\/#breadcrumb\"},\"inLanguage\":\"de\",\"potentialAction\":[{\"@type\":\"ReadAction\",\"target\":[\"https:\\\/\\\/www.breathe-backtolife.com\\\/de\\\/warteliste\\\/\"]}]},{\"@type\":\"BreadcrumbList\",\"@id\":\"https:\\\/\\\/www.breathe-backtolife.com\\\/de\\\/warteliste\\\/#breadcrumb\",\"itemListElement\":[{\"@type\":\"ListItem\",\"position\":1,\"name\":\"Startseite\",\"item\":\"https:\\\/\\\/www.breathe-backtolife.com\\\/de\\\/\"},{\"@type\":\"ListItem\",\"position\":2,\"name\":\"Warteliste\"}]},{\"@type\":\"WebSite\",\"@id\":\"https:\\\/\\\/www.breathe-backtolife.com\\\/de\\\/#website\",\"url\":\"https:\\\/\\\/www.breathe-backtolife.com\\\/de\\\/\",\"name\":\"breathe - back to life\",\"description\":\"Workshops &amp; Retreats\",\"publisher\":{\"@id\":\"https:\\\/\\\/www.breathe-backtolife.com\\\/de\\\/#organization\"},\"potentialAction\":[{\"@type\":\"SearchAction\",\"target\":{\"@type\":\"EntryPoint\",\"urlTemplate\":\"https:\\\/\\\/www.breathe-backtolife.com\\\/de\\\/?s={search_term_string}\"},\"query-input\":{\"@type\":\"PropertyValueSpecification\",\"valueRequired\":true,\"valueName\":\"search_term_string\"}}],\"inLanguage\":\"de\"},{\"@type\":\"Organization\",\"@id\":\"https:\\\/\\\/www.breathe-backtolife.com\\\/de\\\/#organization\",\"name\":\"Breathe Back To Life\",\"url\":\"https:\\\/\\\/www.breathe-backtolife.com\\\/de\\\/\",\"logo\":{\"@type\":\"ImageObject\",\"inLanguage\":\"de\",\"@id\":\"https:\\\/\\\/www.breathe-backtolife.com\\\/de\\\/#\\\/schema\\\/logo\\\/image\\\/\",\"url\":\"https:\\\/\\\/www.breathe-backtolife.com\\\/wp-content\\\/uploads\\\/2018\\\/03\\\/Unbenannt.jpg\",\"contentUrl\":\"https:\\\/\\\/www.breathe-backtolife.com\\\/wp-content\\\/uploads\\\/2018\\\/03\\\/Unbenannt.jpg\",\"width\":496,\"height\":496,\"caption\":\"Breathe Back To Life\"},\"image\":{\"@id\":\"https:\\\/\\\/www.breathe-backtolife.com\\\/de\\\/#\\\/schema\\\/logo\\\/image\\\/\"},\"sameAs\":[\"https:\\\/\\\/www.facebook.com\\\/breathebacktolife\\\/\",\"https:\\\/\\\/www.instagram.com\\\/breathebacktolife\\\/\"]}]}<\/script>\n<!-- \/ Yoast SEO plugin. -->","yoast_head_json":{"title":"Warteliste - breathe - back to life","robots":{"index":"index","follow":"follow","max-snippet":"max-snippet:-1","max-image-preview":"max-image-preview:large","max-video-preview":"max-video-preview:-1"},"canonical":"https:\/\/www.breathe-backtolife.com\/de\/warteliste\/","og_locale":"de_DE","og_type":"article","og_title":"Warteliste - breathe - back to life","og_url":"https:\/\/www.breathe-backtolife.com\/de\/warteliste\/","og_site_name":"breathe - back to life","article_publisher":"https:\/\/www.facebook.com\/breathebacktolife\/","article_modified_time":"2025-10-22T18:29:15+00:00","twitter_card":"summary_large_image","twitter_misc":{"Gesch\u00e4tzte Lesezeit":"1\u00a0Minute"},"schema":{"@context":"https:\/\/schema.org","@graph":[{"@type":"WebPage","@id":"https:\/\/www.breathe-backtolife.com\/de\/warteliste\/","url":"https:\/\/www.breathe-backtolife.com\/de\/warteliste\/","name":"Warteliste - breathe - back to life","isPartOf":{"@id":"https:\/\/www.breathe-backtolife.com\/de\/#website"},"datePublished":"2025-10-20T09:21:43+00:00","dateModified":"2025-10-22T18:29:15+00:00","breadcrumb":{"@id":"https:\/\/www.breathe-backtolife.com\/de\/warteliste\/#breadcrumb"},"inLanguage":"de","potentialAction":[{"@type":"ReadAction","target":["https:\/\/www.breathe-backtolife.com\/de\/warteliste\/"]}]},{"@type":"BreadcrumbList","@id":"https:\/\/www.breathe-backtolife.com\/de\/warteliste\/#breadcrumb","itemListElement":[{"@type":"ListItem","position":1,"name":"Startseite","item":"https:\/\/www.breathe-backtolife.com\/de\/"},{"@type":"ListItem","position":2,"name":"Warteliste"}]},{"@type":"WebSite","@id":"https:\/\/www.breathe-backtolife.com\/de\/#website","url":"https:\/\/www.breathe-backtolife.com\/de\/","name":"breathe - back to life","description":"Workshops &amp; Retreats","publisher":{"@id":"https:\/\/www.breathe-backtolife.com\/de\/#organization"},"potentialAction":[{"@type":"SearchAction","target":{"@type":"EntryPoint","urlTemplate":"https:\/\/www.breathe-backtolife.com\/de\/?s={search_term_string}"},"query-input":{"@type":"PropertyValueSpecification","valueRequired":true,"valueName":"search_term_string"}}],"inLanguage":"de"},{"@type":"Organization","@id":"https:\/\/www.breathe-backtolife.com\/de\/#organization","name":"Breathe Back To Life","url":"https:\/\/www.breathe-backtolife.com\/de\/","logo":{"@type":"ImageObject","inLanguage":"de","@id":"https:\/\/www.breathe-backtolife.com\/de\/#\/schema\/logo\/image\/","url":"https:\/\/www.breathe-backtolife.com\/wp-content\/uploads\/2018\/03\/Unbenannt.jpg","contentUrl":"https:\/\/www.breathe-backtolife.com\/wp-content\/uploads\/2018\/03\/Unbenannt.jpg","width":496,"height":496,"caption":"Breathe Back To Life"},"image":{"@id":"https:\/\/www.breathe-backtolife.com\/de\/#\/schema\/logo\/image\/"},"sameAs":["https:\/\/www.facebook.com\/breathebacktolife\/","https:\/\/www.instagram.com\/breathebacktolife\/"]}]}},"_links":{"self":[{"href":"https:\/\/www.breathe-backtolife.com\/de\/wp-json\/wp\/v2\/pages\/16613","targetHints":{"allow":["GET"]}}],"collection":[{"href":"https:\/\/www.breathe-backtolife.com\/de\/wp-json\/wp\/v2\/pages"}],"about":[{"href":"https:\/\/www.breathe-backtolife.com\/de\/wp-json\/wp\/v2\/types\/page"}],"author":[{"embeddable":true,"href":"https:\/\/www.breathe-backtolife.com\/de\/wp-json\/wp\/v2\/users\/1"}],"replies":[{"embeddable":true,"href":"https:\/\/www.breathe-backtolife.com\/de\/wp-json\/wp\/v2\/comments?post=16613"}],"version-history":[{"count":1,"href":"https:\/\/www.breathe-backtolife.com\/de\/wp-json\/wp\/v2\/pages\/16613\/revisions"}],"predecessor-version":[{"id":16617,"href":"https:\/\/www.breathe-backtolife.com\/de\/wp-json\/wp\/v2\/pages\/16613\/revisions\/16617"}],"wp:attachment":[{"href":"https:\/\/www.breathe-backtolife.com\/de\/wp-json\/wp\/v2\/media?parent=16613"}],"curies":[{"name":"wp","href":"https:\/\/api.w.org\/{rel}","templated":true}]}}